{"id":693,"date":"2022-04-11T15:34:04","date_gmt":"2022-04-11T15:34:04","guid":{"rendered":"https:\/\/kira-tr.com\/kira-for-companies-user-agreement\/"},"modified":"2022-11-04T16:15:42","modified_gmt":"2022-11-04T16:15:42","slug":"kira-for-companies-user-agreement","status":"publish","type":"page","link":"https:\/\/www.kira-app.com\/en\/kira-for-companies-user-agreement\/","title":{"rendered":"Kira for Companies &#8211; Agreement"},"content":{"rendered":"<p style=\"text-align: left;\"><strong>Terms of use<\/strong><\/p>\n<p style=\"text-align: left;\">Kira App for ROUTE ENTEGRE \u00c7\u00d6Z\u00dcMLER YAZILIM PROGRAMLAMA<br \/>\nL\u0130M\u0130TED \u015e\u0130RKET\u0130, a limited company registered in Turkey, Istanbul, No. (7351902214), and its registered address is: G\u00d6KEVLER MAH. 2312. SK. BURC \u0130STANBUL 18 BLOK NO: 18 J \u0130\u00c7 KAPI NO: 207 ESENYURT\/ \u0130STANBUL.<\/p>\n<p style=\"text-align: left;\">These Terms and Conditions, together with the Privacy Policy, constitute our agreement with you, for the services we provide in the Kira Business App.<\/p>\n<p style=\"text-align: left;\">&#8211; These terms apply to all services of car rental companies provided by the application.<\/p>\n<p style=\"text-align: left;\">&#8211; Use of the application and acceptance of the terms of the agreement is conclusive evidence of your acceptance of these terms, we may<\/p>\n<p style=\"text-align: left;\">&#8211; Change the terms from time to time and we advise you to check the website to consider any changes to the terms that apply to car rental companies.<\/p>\n<p style=\"text-align: left;\">All transactions are subject to the provisions of Turkish law.<\/p>\n<p style=\"text-align: left;\">&#8211; All data and information of companies registered in the application are subject to the privacy policy.<br \/>\nCar rental is subject to the rental company&#8217;s terms and conditions, which can be added through the company&#8217;s account in the app.<\/p>\n<p style=\"text-align: left;\">&#8211; The rental company bears full responsibility for verifying the tenant\u2019s data and has complete freedom to take the necessary guarantees according to Turkish law and to reject the request if it sees a lack of documents and data for the tenant.<\/p>\n<p style=\"text-align: left;\">&#8211; Kira does not bear any damage as a result of a legal problem with the licenses of car rental companies, and in the event of a legal problem, the car rental company is solely responsible for it.<\/p>\n<p style=\"text-align: left;\">&#8211; Kira has the right to display car data and information of car rental companies for the purpose of promoting and advertising marketing.<\/p>\n<p style=\"text-align: left;\">&#8211; Kira has the right to collect a 10% fee from the car rental company for car reservations made through the application, with the exception of manual reservations made by company accounts.<br \/>\n&#8211; Kira does not obtain any sums of money from the final tenant, and the rental company is fully responsible for collecting its dues from the tenant.<\/p>\n<p style=\"text-align: left;\">&#8211; Kira does not bear any material or moral damage to the car rental company as a result of car rental, and the rental company must complete the contracts and take the necessary guarantees from the tenants.<\/p>\n<p style=\"text-align: left;\">&#8211; Kira has the right to temporarily or permanently suspend the car rental company\u2019s account in case of violating the terms of use, or the company obtaining high negative evaluations from the renters, or using the application outside the framework designated for it.<\/p>\n","protected":false},"excerpt":{"rendered":"<p>Terms of use Kira App for ROUTE ENTEGRE \u00c7\u00d6Z\u00dcMLER YAZILIM PROGRAMLAMA L\u0130M\u0130TED \u015e\u0130RKET\u0130, a limited company registered in Turkey, Istanbul, No. (7351902214), and its registered address is: G\u00d6KEVLER MAH. 2312. SK. BURC \u0130STANBUL 18 BLOK NO: 18 J \u0130\u00c7 KAPI NO: 207 ESENYURT\/ \u0130STANBUL. These Terms and Conditions, together with the Privacy Policy, constitute our [&hellip;]<\/p>\n","protected":false},"author":1,"featured_media":0,"parent":0,"menu_order":0,"comment_status":"closed","ping_status":"closed","template":"","meta":{"footnotes":""},"class_list":["post-693","page","type-page","status-publish","hentry"],"yoast_head":"<!-- This site is optimized with the Yoast SEO plugin v25.0 - https:\/\/yoast.com\/wordpress\/plugins\/seo\/ -->\n<title>Kira for Companies - Agreement - KIRA<\/title>\n<meta name=\"robots\" content=\"index, follow, max-snippet:-1, max-image-preview:large, max-video-preview:-1\" \/>\n<link rel=\"canonical\" href=\"https:\/\/www.kira-app.com\/en\/kira-for-companies-user-agreement\/\" \/>\n<meta property=\"og:locale\" content=\"en_US\" \/>\n<meta property=\"og:type\" content=\"article\" \/>\n<meta property=\"og:title\" content=\"Kira for Companies - Agreement - KIRA\" \/>\n<meta property=\"og:description\" content=\"Terms of use Kira App for ROUTE ENTEGRE \u00c7\u00d6Z\u00dcMLER YAZILIM PROGRAMLAMA L\u0130M\u0130TED \u015e\u0130RKET\u0130, a limited company registered in Turkey, Istanbul, No. (7351902214), and its registered address is: G\u00d6KEVLER MAH. 2312. SK. BURC \u0130STANBUL 18 BLOK NO: 18 J \u0130\u00c7 KAPI NO: 207 ESENYURT\/ \u0130STANBUL. These Terms and Conditions, together with the Privacy Policy, constitute our [&hellip;]\" \/>\n<meta property=\"og:url\" content=\"https:\/\/www.kira-app.com\/en\/kira-for-companies-user-agreement\/\" \/>\n<meta property=\"og:site_name\" content=\"KIRA\" \/>\n<meta property=\"article:publisher\" content=\"https:\/\/www.facebook.com\/Kirapp.tr\" \/>\n<meta property=\"article:modified_time\" content=\"2022-11-04T16:15:42+00:00\" \/>\n<meta property=\"og:image\" content=\"https:\/\/www.kira-app.com\/wp-content\/uploads\/2024\/08\/Picture111.png\" \/>\n\t<meta property=\"og:image:width\" content=\"1845\" \/>\n\t<meta property=\"og:image:height\" content=\"1231\" \/>\n\t<meta property=\"og:image:type\" content=\"image\/png\" \/>\n<meta name=\"twitter:card\" content=\"summary_large_image\" \/>\n<meta name=\"twitter:label1\" content=\"Est. reading time\" \/>\n\t<meta name=\"twitter:data1\" content=\"2 minutes\" \/>\n<script type=\"application\/ld+json\" class=\"yoast-schema-graph\">{\"@context\":\"https:\/\/schema.org\",\"@graph\":[{\"@type\":\"WebPage\",\"@id\":\"https:\/\/www.kira-app.com\/en\/kira-for-companies-user-agreement\/\",\"url\":\"https:\/\/www.kira-app.com\/en\/kira-for-companies-user-agreement\/\",\"name\":\"Kira for Companies - Agreement - KIRA\",\"isPartOf\":{\"@id\":\"https:\/\/www.kira-app.com\/#website\"},\"datePublished\":\"2022-04-11T15:34:04+00:00\",\"dateModified\":\"2022-11-04T16:15:42+00:00\",\"breadcrumb\":{\"@id\":\"https:\/\/www.kira-app.com\/en\/kira-for-companies-user-agreement\/#breadcrumb\"},\"inLanguage\":\"en-US\",\"potentialAction\":[{\"@type\":\"ReadAction\",\"target\":[\"https:\/\/www.kira-app.com\/en\/kira-for-companies-user-agreement\/\"]}]},{\"@type\":\"BreadcrumbList\",\"@id\":\"https:\/\/www.kira-app.com\/en\/kira-for-companies-user-agreement\/#breadcrumb\",\"itemListElement\":[{\"@type\":\"ListItem\",\"position\":1,\"name\":\"\u0627\u0644\u0631\u0626\u064a\u0633\u064a\u0629\",\"item\":\"https:\/\/www.kira-app.com\/en\/\"},{\"@type\":\"ListItem\",\"position\":2,\"name\":\"Kira for Companies &#8211; Agreement\"}]},{\"@type\":\"WebSite\",\"@id\":\"https:\/\/www.kira-app.com\/#website\",\"url\":\"https:\/\/www.kira-app.com\/\",\"name\":\"\u0646\u0638\u0627\u0645 \u0625\u062f\u0627\u0631\u0629 \u0634\u0631\u0643\u0627\u062a \u062a\u0623\u062c\u064a\u0631 \u0627\u0644\u0633\u064a\u0627\u0631\u0627\u062a\",\"description\":\"Car Rental APP\",\"publisher\":{\"@id\":\"https:\/\/www.kira-app.com\/#organization\"},\"alternateName\":\"\u0646\u0638\u0627\u0645 \u0634\u0631\u0643\u0627\u062a \u062a\u0623\u062c\u064a\u0631 \u0627\u0644\u0633\u064a\u0627\u0631\u0627\u062a\",\"potentialAction\":[{\"@type\":\"SearchAction\",\"target\":{\"@type\":\"EntryPoint\",\"urlTemplate\":\"https:\/\/www.kira-app.com\/?s={search_term_string}\"},\"query-input\":{\"@type\":\"PropertyValueSpecification\",\"valueRequired\":true,\"valueName\":\"search_term_string\"}}],\"inLanguage\":\"en-US\"},{\"@type\":\"Organization\",\"@id\":\"https:\/\/www.kira-app.com\/#organization\",\"name\":\"\u0646\u0638\u0627\u0645 \u0625\u062f\u0627\u0631\u0629 \u0634\u0631\u0643\u0627\u062a \u062a\u0623\u062c\u064a\u0631 \u0627\u0644\u0633\u064a\u0627\u0631\u0627\u062a\",\"alternateName\":\"\u0628\u0631\u0646\u0627\u0645\u062c \u0634\u0631\u0643\u0627\u062a \u062a\u0623\u062c\u064a\u0631 \u0627\u0644\u0633\u064a\u0627\u0631\u0627\u062a\",\"url\":\"https:\/\/www.kira-app.com\/\",\"logo\":{\"@type\":\"ImageObject\",\"inLanguage\":\"en-US\",\"@id\":\"https:\/\/www.kira-app.com\/#\/schema\/logo\/image\/\",\"url\":\"https:\/\/kira-app.com\/wp-content\/uploads\/2024\/08\/Kira-1.png\",\"contentUrl\":\"https:\/\/kira-app.com\/wp-content\/uploads\/2024\/08\/Kira-1.png\",\"width\":8192,\"height\":8192,\"caption\":\"\u0646\u0638\u0627\u0645 \u0625\u062f\u0627\u0631\u0629 \u0634\u0631\u0643\u0627\u062a \u062a\u0623\u062c\u064a\u0631 \u0627\u0644\u0633\u064a\u0627\u0631\u0627\u062a\"},\"image\":{\"@id\":\"https:\/\/www.kira-app.com\/#\/schema\/logo\/image\/\"},\"sameAs\":[\"https:\/\/www.facebook.com\/Kirapp.tr\",\"https:\/\/www.instagram.com\/kira.app.tr\/\"]}]}<\/script>\n<!-- \/ Yoast SEO plugin. -->","yoast_head_json":{"title":"Kira for Companies - Agreement - KIRA","robots":{"index":"index","follow":"follow","max-snippet":"max-snippet:-1","max-image-preview":"max-image-preview:large","max-video-preview":"max-video-preview:-1"},"canonical":"https:\/\/www.kira-app.com\/en\/kira-for-companies-user-agreement\/","og_locale":"en_US","og_type":"article","og_title":"Kira for Companies - Agreement - KIRA","og_description":"Terms of use Kira App for ROUTE ENTEGRE \u00c7\u00d6Z\u00dcMLER YAZILIM PROGRAMLAMA L\u0130M\u0130TED \u015e\u0130RKET\u0130, a limited company registered in Turkey, Istanbul, No. (7351902214), and its registered address is: G\u00d6KEVLER MAH. 2312. SK. BURC \u0130STANBUL 18 BLOK NO: 18 J \u0130\u00c7 KAPI NO: 207 ESENYURT\/ \u0130STANBUL. These Terms and Conditions, together with the Privacy Policy, constitute our [&hellip;]","og_url":"https:\/\/www.kira-app.com\/en\/kira-for-companies-user-agreement\/","og_site_name":"KIRA","article_publisher":"https:\/\/www.facebook.com\/Kirapp.tr","article_modified_time":"2022-11-04T16:15:42+00:00","og_image":[{"width":1845,"height":1231,"url":"https:\/\/www.kira-app.com\/wp-content\/uploads\/2024\/08\/Picture111.png","type":"image\/png"}],"twitter_card":"summary_large_image","twitter_misc":{"Est. reading time":"2 minutes"},"schema":{"@context":"https:\/\/schema.org","@graph":[{"@type":"WebPage","@id":"https:\/\/www.kira-app.com\/en\/kira-for-companies-user-agreement\/","url":"https:\/\/www.kira-app.com\/en\/kira-for-companies-user-agreement\/","name":"Kira for Companies - Agreement - KIRA","isPartOf":{"@id":"https:\/\/www.kira-app.com\/#website"},"datePublished":"2022-04-11T15:34:04+00:00","dateModified":"2022-11-04T16:15:42+00:00","breadcrumb":{"@id":"https:\/\/www.kira-app.com\/en\/kira-for-companies-user-agreement\/#breadcrumb"},"inLanguage":"en-US","potentialAction":[{"@type":"ReadAction","target":["https:\/\/www.kira-app.com\/en\/kira-for-companies-user-agreement\/"]}]},{"@type":"BreadcrumbList","@id":"https:\/\/www.kira-app.com\/en\/kira-for-companies-user-agreement\/#breadcrumb","itemListElement":[{"@type":"ListItem","position":1,"name":"\u0627\u0644\u0631\u0626\u064a\u0633\u064a\u0629","item":"https:\/\/www.kira-app.com\/en\/"},{"@type":"ListItem","position":2,"name":"Kira for Companies &#8211; Agreement"}]},{"@type":"WebSite","@id":"https:\/\/www.kira-app.com\/#website","url":"https:\/\/www.kira-app.com\/","name":"\u0646\u0638\u0627\u0645 \u0625\u062f\u0627\u0631\u0629 \u0634\u0631\u0643\u0627\u062a \u062a\u0623\u062c\u064a\u0631 \u0627\u0644\u0633\u064a\u0627\u0631\u0627\u062a","description":"Car Rental APP","publisher":{"@id":"https:\/\/www.kira-app.com\/#organization"},"alternateName":"\u0646\u0638\u0627\u0645 \u0634\u0631\u0643\u0627\u062a \u062a\u0623\u062c\u064a\u0631 \u0627\u0644\u0633\u064a\u0627\u0631\u0627\u062a","potentialAction":[{"@type":"SearchAction","target":{"@type":"EntryPoint","urlTemplate":"https:\/\/www.kira-app.com\/?s={search_term_string}"},"query-input":{"@type":"PropertyValueSpecification","valueRequired":true,"valueName":"search_term_string"}}],"inLanguage":"en-US"},{"@type":"Organization","@id":"https:\/\/www.kira-app.com\/#organization","name":"\u0646\u0638\u0627\u0645 \u0625\u062f\u0627\u0631\u0629 \u0634\u0631\u0643\u0627\u062a \u062a\u0623\u062c\u064a\u0631 \u0627\u0644\u0633\u064a\u0627\u0631\u0627\u062a","alternateName":"\u0628\u0631\u0646\u0627\u0645\u062c \u0634\u0631\u0643\u0627\u062a \u062a\u0623\u062c\u064a\u0631 \u0627\u0644\u0633\u064a\u0627\u0631\u0627\u062a","url":"https:\/\/www.kira-app.com\/","logo":{"@type":"ImageObject","inLanguage":"en-US","@id":"https:\/\/www.kira-app.com\/#\/schema\/logo\/image\/","url":"https:\/\/kira-app.com\/wp-content\/uploads\/2024\/08\/Kira-1.png","contentUrl":"https:\/\/kira-app.com\/wp-content\/uploads\/2024\/08\/Kira-1.png","width":8192,"height":8192,"caption":"\u0646\u0638\u0627\u0645 \u0625\u062f\u0627\u0631\u0629 \u0634\u0631\u0643\u0627\u062a \u062a\u0623\u062c\u064a\u0631 \u0627\u0644\u0633\u064a\u0627\u0631\u0627\u062a"},"image":{"@id":"https:\/\/www.kira-app.com\/#\/schema\/logo\/image\/"},"sameAs":["https:\/\/www.facebook.com\/Kirapp.tr","https:\/\/www.instagram.com\/kira.app.tr\/"]}]}},"_links":{"self":[{"href":"https:\/\/www.kira-app.com\/en\/wp-json\/wp\/v2\/pages\/693","targetHints":{"allow":["GET"]}}],"collection":[{"href":"https:\/\/www.kira-app.com\/en\/wp-json\/wp\/v2\/pages"}],"about":[{"href":"https:\/\/www.kira-app.com\/en\/wp-json\/wp\/v2\/types\/page"}],"author":[{"embeddable":true,"href":"https:\/\/www.kira-app.com\/en\/wp-json\/wp\/v2\/users\/1"}],"replies":[{"embeddable":true,"href":"https:\/\/www.kira-app.com\/en\/wp-json\/wp\/v2\/comments?post=693"}],"version-history":[{"count":4,"href":"https:\/\/www.kira-app.com\/en\/wp-json\/wp\/v2\/pages\/693\/revisions"}],"predecessor-version":[{"id":818,"href":"https:\/\/www.kira-app.com\/en\/wp-json\/wp\/v2\/pages\/693\/revisions\/818"}],"wp:attachment":[{"href":"https:\/\/www.kira-app.com\/en\/wp-json\/wp\/v2\/media?parent=693"}],"curies":[{"name":"wp","href":"https:\/\/api.w.org\/{rel}","templated":true}]}}